{"id":7,"date":"2012-09-07T06:33:41","date_gmt":"2012-09-07T06:33:41","guid":{"rendered":"http:\/\/saraolmos.com\/?page_id=7"},"modified":"2026-03-28T16:51:54","modified_gmt":"2026-03-28T16:51:54","slug":"about","status":"publish","type":"page","link":"https:\/\/saraolmos.com\/?page_id=7","title":{"rendered":"About"},"content":{"rendered":"\n<div class=\"wp-block-cover alignfull is-light\" style=\"margin-top:var(--wp--preset--spacing--30);margin-bottom:var(--wp--preset--spacing--30);padding-top:2vw;padding-right:2vw;padding-bottom:2vw;padding-left:2vw;min-height:446px;aspect-ratio:unset;\"><img loading=\"lazy\" decoding=\"async\" width=\"834\" height=\"1024\" class=\"wp-block-cover__image-background wp-image-486 size-large\" alt=\"\" src=\"https:\/\/saraolmos.com\/wp-content\/uploads\/2026\/03\/SaraOlmos_Fondo_transparente-834x1024.png\" data-object-fit=\"cover\" srcset=\"https:\/\/saraolmos.com\/wp-content\/uploads\/2026\/03\/SaraOlmos_Fondo_transparente-834x1024.png 834w, https:\/\/saraolmos.com\/wp-content\/uploads\/2026\/03\/SaraOlmos_Fondo_transparente-600x736.png 600w, https:\/\/saraolmos.com\/wp-content\/uploads\/2026\/03\/SaraOlmos_Fondo_transparente-244x300.png 244w, https:\/\/saraolmos.com\/wp-content\/uploads\/2026\/03\/SaraOlmos_Fondo_transparente-768x943.png 768w, https:\/\/saraolmos.com\/wp-content\/uploads\/2026\/03\/SaraOlmos_Fondo_transparente.png 893w\" sizes=\"auto, (max-width: 834px) 100vw, 834px\" \/><span aria-hidden=\"true\" class=\"wp-block-cover__background has-background-dim\" style=\"background-color:#ebb9b9\"><\/span><div class=\"wp-block-cover__inner-container is-layout-flow wp-block-cover-is-layout-flow\">\n<div class=\"wp-block-group is-layout-flex wp-container-core-group-is-layout-cf605ece wp-block-group-is-layout-flex\" style=\"margin-top:0;margin-bottom:0;padding-top:0;padding-bottom:0\">\n<div class=\"wp-block-group wp-container-content-8eb0bdf3 is-layout-flow wp-container-core-group-is-layout-634f0b9d wp-block-group-is-layout-flow\"><\/div>\n\n\n\n<div class=\"wp-block-group wp-container-content-9cfa9a5a is-layout-flow wp-container-core-group-is-layout-d6743c7d wp-block-group-is-layout-flow\">\n<p class=\"has-text-align-right has-black-color has-text-color\" style=\"font-size:clamp(67.975px, 4.248rem + ((1vw - 3.2px) * 8.698), 148px);font-style:normal;font-weight:700;letter-spacing:-4px;line-height:0.8;text-transform:uppercase\">\u00a1HOLA!<\/p>\n\n\n\n<p class=\"has-text-align-right has-white-color has-text-color\" style=\"font-size:clamp(19.481px, 1.218rem + ((1vw - 3.2px) * 1.252), 31px);font-style:normal;font-weight:100;letter-spacing:0px;line-height:0.8;text-transform:uppercase\">soy <\/p>\n\n\n\n<p class=\"has-text-align-right has-white-color has-text-color\" style=\"font-size:clamp(37.821px, 2.364rem + ((1vw - 3.2px) * 3.498), 70px);font-style:normal;font-weight:700;letter-spacing:0px;line-height:0.8;text-transform:uppercase\">Sara<br>Olmos<\/p>\n\n\n\n<div class=\"wp-block-buttons is-content-justification-right is-layout-flex wp-container-core-buttons-is-layout-1e86a5b1 wp-block-buttons-is-layout-flex\" style=\"padding-top:var(--wp--preset--spacing--30);padding-bottom:var(--wp--preset--spacing--30)\">\n<div class=\"wp-block-button\"><a class=\"wp-block-button__link has-white-color has-black-background-color has-text-color has-background has-custom-font-size wp-element-button\" href=\"https:\/\/saraolmos.com\/wp-content\/uploads\/2026\/03\/Portfolio_Sara_Olmos2026_WEB.pdf\" style=\"border-radius:0px;border-top-style:none;border-top-width:0px;border-right-style:none;border-right-width:0px;border-bottom-style:none;border-bottom-width:0px;border-left-style:none;border-left-width:0px;padding-top:14px;padding-right:36px;padding-bottom:14px;padding-left:36px;font-size:clamp(14px, 0.875rem + ((1vw - 3.2px) * 0.326), 17px);font-style:normal;font-weight:700;letter-spacing:0px;text-decoration:none;text-transform:uppercase\" target=\"_blank\" rel=\"noreferrer noopener\">Portfolio<\/a><\/div>\n<\/div>\n\n\n\n<div class=\"wp-block-columns is-layout-flex wp-container-core-columns-is-layout-28f84493 wp-block-columns-is-layout-flex\">\n<div class=\"wp-block-column is-layout-flow wp-block-column-is-layout-flow\">\n<p class=\"has-text-align-right\" style=\"padding-top:0;padding-right:0;padding-bottom:0;padding-left:0\">Descarga mi porfolio para tener a mano mis \u00faltimos trabajos.<\/p>\n<\/div>\n<\/div>\n<\/div>\n<\/div>\n<\/div><\/div>\n\n\n\n<div class=\"wp-block-columns is-layout-flex wp-container-core-columns-is-layout-28f84493 wp-block-columns-is-layout-flex\">\n<div class=\"wp-block-column is-layout-flow wp-block-column-is-layout-flow\">\n<p class=\"has-background\" style=\"background-color:#efeae100\">My name is Sara Olmos, a Spanish illustrator and graphic designer based in Rome. <br><br>Since 2006, I have been working as a graphic designer and creating children\u2019s book illustrations for various international publishers, including Destino Infantil y Juvenil, Einaudi, and Mondadori.<br><br>Alongside my commissioned work, I love developing personal projects, experimenting, and continuing the search for my own visual language. My inspiration comes from observing small details, those hidden glimmers in everyday life, and imaginary worlds filled with dreamy characters that can only be captured through paint and color. As a child, I used to find refuge in these worlds, and I suppose I\u2019ve always been looking for the best way to bring them to life.<\/p>\n<\/div>\n\n\n\n<div class=\"wp-block-column is-layout-flow wp-block-column-is-layout-flow\">\n<p class=\"has-background\" style=\"background-color:#ebb9b9\">Me llamo Sara Olmos soy una ilustradora y dise\u00f1adora gr\u00e1fica espa\u00f1ola que vive en Roma.<br><br>Desde 2006 he estado trabajando como dise\u00f1adora gr\u00e1fica y creando ilustraciones para libros infantiles para distintas editoriales internacionales entre las que se encuentran Destino Infantil y Juvenil, Einaudi y Mondadori.<br><br>Adem\u00e1s de mi trabajo por encargo, me gusta desarrollar proyectos personales, experimentar y continuar mi b\u00fasqueda de un lenguaje visual propio. Mi inspiraci\u00f3n proviene de la observaci\u00f3n de los peque\u00f1os detalles, los destellos que se ocultan en lo cotidiano, mundos imaginarios llenos de personajes so\u00f1adores que solo se dejan atrapar con pinturas y colores. De ni\u00f1a me gustaba refugiarme en esos mundos y supongo que siempre he estado buscando la mejor manera de hacerlos realidad.<\/p>\n<\/div>\n<\/div>\n","protected":false},"excerpt":{"rendered":"<p>My name is Sara Olmos, a Spanish illustrator and graphic designer based in Rome. Since 2006, I have been working as a graphic designer and creating children\u2019s book illustrations for various international publishers, including Destino Infantil y Juvenil, Einaudi, and Mondadori. Alongside my commissioned work, I love developing personal projects, experimenting, and continuing the search [&hellip;]<\/p>\n","protected":false},"author":1,"featured_media":0,"parent":0,"menu_order":0,"comment_status":"closed","ping_status":"closed","template":"","meta":{"footnotes":""},"categories":[],"tags":[],"class_list":["post-7","page","type-page","status-publish","hentry"],"jetpack_sharing_enabled":true,"_links":{"self":[{"href":"https:\/\/saraolmos.com\/index.php?rest_route=\/wp\/v2\/pages\/7","targetHints":{"allow":["GET"]}}],"collection":[{"href":"https:\/\/saraolmos.com\/index.php?rest_route=\/wp\/v2\/pages"}],"about":[{"href":"https:\/\/saraolmos.com\/index.php?rest_route=\/wp\/v2\/types\/page"}],"author":[{"embeddable":true,"href":"https:\/\/saraolmos.com\/index.php?rest_route=\/wp\/v2\/users\/1"}],"replies":[{"embeddable":true,"href":"https:\/\/saraolmos.com\/index.php?rest_route=%2Fwp%2Fv2%2Fcomments&post=7"}],"version-history":[{"count":46,"href":"https:\/\/saraolmos.com\/index.php?rest_route=\/wp\/v2\/pages\/7\/revisions"}],"predecessor-version":[{"id":911,"href":"https:\/\/saraolmos.com\/index.php?rest_route=\/wp\/v2\/pages\/7\/revisions\/911"}],"wp:attachment":[{"href":"https:\/\/saraolmos.com\/index.php?rest_route=%2Fwp%2Fv2%2Fmedia&parent=7"}],"wp:term":[{"taxonomy":"category","embeddable":true,"href":"https:\/\/saraolmos.com\/index.php?rest_route=%2Fwp%2Fv2%2Fcategories&post=7"},{"taxonomy":"post_tag","embeddable":true,"href":"https:\/\/saraolmos.com\/index.php?rest_route=%2Fwp%2Fv2%2Ftags&post=7"}],"curies":[{"name":"wp","href":"https:\/\/api.w.org\/{rel}","templated":true}]}}